{"id":4726,"date":"2020-12-27T00:40:52","date_gmt":"2020-12-26T23:40:52","guid":{"rendered":"https:\/\/vivic-cosmetics.com\/personalisierung\/"},"modified":"2021-11-24T21:52:26","modified_gmt":"2021-11-24T20:52:26","slug":"personalisierung","status":"publish","type":"page","link":"https:\/\/vivic-cosmetics.com\/de\/personalisierung\/","title":{"rendered":"Personalisierung"},"content":{"rendered":"\t\t<div data-elementor-type=\"wp-page\" data-elementor-id=\"4726\" class=\"elementor elementor-4726 elementor-24\" data-elementor-post-type=\"page\">\n\t\t\t\t\t\t<section class=\"elementor-section elementor-top-section elementor-element elementor-element-29c8e436 elementor-section-boxed elementor-section-height-default elementor-section-height-default\" data-id=\"29c8e436\" data-element_type=\"section\" data-e-type=\"section\">\n\t\t\t\t\t\t<div class=\"elementor-container elementor-column-gap-default\">\n\t\t\t\t\t<div class=\"elementor-column elementor-col-100 elementor-top-column elementor-element elementor-element-1d6d2f05\" data-id=\"1d6d2f05\" data-element_type=\"column\" data-e-type=\"column\">\n\t\t\t<div class=\"elementor-widget-wrap elementor-element-populated\">\n\t\t\t\t\t\t<div class=\"elementor-element elementor-element-424ad2ff elementor-widget elementor-widget-heading\" data-id=\"424ad2ff\" data-element_type=\"widget\" data-e-type=\"widget\" data-widget_type=\"heading.default\">\n\t\t\t\t<div class=\"elementor-widget-container\">\n\t\t\t\t\t<h2 class=\"elementor-heading-title elementor-size-default\">Produktpersonalisierung<\/h2>\t\t\t\t<\/div>\n\t\t\t\t<\/div>\n\t\t\t\t<div class=\"elementor-element elementor-element-55a923d8 elementor-widget elementor-widget-text-editor\" data-id=\"55a923d8\" data-element_type=\"widget\" data-e-type=\"widget\" data-widget_type=\"text-editor.default\">\n\t\t\t\t<div class=\"elementor-widget-container\">\n\t\t\t\t\t\t\t\t\t<p>Wir k\u00f6nnen alle unsere Produkte an Ihr Design und Ihre Ideen anpassen.<\/p>\n\t\t\t\t\t\t\t\t<\/div>\n\t\t\t\t<\/div>\n\t\t\t\t\t<\/div>\n\t\t<\/div>\n\t\t\t\t\t<\/div>\n\t\t<\/section>\n\t\t\t\t<section class=\"elementor-section elementor-top-section elementor-element elementor-element-2441df5 elementor-section-full_width elementor-section-height-default elementor-section-height-default\" data-id=\"2441df5\" data-element_type=\"section\" data-e-type=\"section\">\n\t\t\t\t\t\t<div class=\"elementor-container elementor-column-gap-default\">\n\t\t\t\t\t<div class=\"elementor-column elementor-col-100 elementor-top-column elementor-element elementor-element-afddb44\" data-id=\"afddb44\" data-element_type=\"column\" data-e-type=\"column\">\n\t\t\t<div class=\"elementor-widget-wrap elementor-element-populated\">\n\t\t\t\t\t\t<section class=\"elementor-section elementor-inner-section elementor-element elementor-element-57fbe3b elementor-section-full_width elementor-section-height-default elementor-section-height-default\" data-id=\"57fbe3b\" data-element_type=\"section\" data-e-type=\"section\">\n\t\t\t\t\t\t<div class=\"elementor-container elementor-column-gap-default\">\n\t\t\t\t\t<div class=\"elementor-column elementor-col-50 elementor-inner-column elementor-element elementor-element-7953930\" data-id=\"7953930\" data-element_type=\"column\" data-e-type=\"column\">\n\t\t\t<div class=\"elementor-widget-wrap elementor-element-populated\">\n\t\t\t\t\t\t<div class=\"elementor-element elementor-element-8b26f40 elementor-widget elementor-widget-text-editor\" data-id=\"8b26f40\" data-element_type=\"widget\" data-e-type=\"widget\" data-widget_type=\"text-editor.default\">\n\t\t\t\t<div class=\"elementor-widget-container\">\n\t\t\t\t\t\t\t\t\t<p>Wenn Sie eine exklusive Linie von Hotelkosmetik und -ausr\u00fcstung w\u00fcnschen, die speziell f\u00fcr Ihr Hotel oder Apartment entwickelt wurde, sind Sie hier genau richtig.<\/p>\n<p>Was auch immer Sie sich entscheiden, vom Drucken Ihres Logos auf unsere vorhandene Verpackung bis zur Entwicklung des gesamten Konzepts basierend auf der Atmosph\u00e4re Ihrer Unterkunft, unser Kreativteam f\u00fchrt Sie durch den gesamten Prozess zum gew\u00fcnschten Endprodukt. <\/p>\n\t\t\t\t\t\t\t\t<\/div>\n\t\t\t\t<\/div>\n\t\t\t\t\t<\/div>\n\t\t<\/div>\n\t\t\t\t<div class=\"elementor-column elementor-col-50 elementor-inner-column elementor-element elementor-element-33431c3\" data-id=\"33431c3\" data-element_type=\"column\" data-e-type=\"column\">\n\t\t\t<div class=\"elementor-widget-wrap elementor-element-populated\">\n\t\t\t\t\t\t<div class=\"elementor-element elementor-element-43f764e elementor-widget elementor-widget-text-editor\" data-id=\"43f764e\" data-element_type=\"widget\" data-e-type=\"widget\" data-widget_type=\"text-editor.default\">\n\t\t\t\t<div class=\"elementor-widget-container\">\n\t\t\t\t\t\t\t\t\t<p>Mit unserer Erfahrung und Innovation bieten wir Ihnen die M\u00f6glichkeit, eine erkennbare Linie von Hotelkosmetik zu entwickeln, die auf Ihre Identit\u00e4t f\u00fcr Ihre Unterkunft zugeschnitten ist.<\/p>\n<p>Kontaktieren Sie uns noch heute, um herauszufinden, wie unsere ma\u00dfgeschneiderten L\u00f6sungen Ihren G\u00e4sten, die immer wieder in Ihre Unterkunft zur\u00fcckkehren, ein unvergessliches, pers\u00f6nliches und erkennbares Erlebnis bieten k\u00f6nnen.<\/p>\n\t\t\t\t\t\t\t\t<\/div>\n\t\t\t\t<\/div>\n\t\t\t\t\t<\/div>\n\t\t<\/div>\n\t\t\t\t\t<\/div>\n\t\t<\/section>\n\t\t\t\t\t<\/div>\n\t\t<\/div>\n\t\t\t\t\t<\/div>\n\t\t<\/section>\n\t\t\t\t<section class=\"elementor-section elementor-top-section elementor-element elementor-element-3681b0c1 elementor-section-full_width elementor-section-height-default elementor-section-height-default\" data-id=\"3681b0c1\" data-element_type=\"section\" data-e-type=\"section\" data-settings=\"{&quot;background_background&quot;:&quot;classic&quot;}\">\n\t\t\t\t\t\t<div class=\"elementor-container elementor-column-gap-default\">\n\t\t\t\t\t<div class=\"elementor-column elementor-col-50 elementor-top-column elementor-element elementor-element-458b542b\" data-id=\"458b542b\" data-element_type=\"column\" data-e-type=\"column\" data-settings=\"{&quot;background_background&quot;:&quot;classic&quot;}\">\n\t\t\t<div class=\"elementor-widget-wrap elementor-element-populated\">\n\t\t\t\t\t\t<div class=\"elementor-element elementor-element-554205fe elementor-widget elementor-widget-spacer\" data-id=\"554205fe\" data-element_type=\"widget\" data-e-type=\"widget\" data-widget_type=\"spacer.default\">\n\t\t\t\t<div class=\"elementor-widget-container\">\n\t\t\t\t\t\t\t<div class=\"elementor-spacer\">\n\t\t\t<div class=\"elementor-spacer-inner\"><\/div>\n\t\t<\/div>\n\t\t\t\t\t\t<\/div>\n\t\t\t\t<\/div>\n\t\t\t\t\t<\/div>\n\t\t<\/div>\n\t\t\t\t<div class=\"elementor-column elementor-col-50 elementor-top-column elementor-element elementor-element-5f2ac2db\" data-id=\"5f2ac2db\" data-element_type=\"column\" data-e-type=\"column\">\n\t\t\t<div class=\"elementor-widget-wrap elementor-element-populated\">\n\t\t\t\t\t\t<section class=\"elementor-section elementor-inner-section elementor-element elementor-element-639de6c5 elementor-section-boxed elementor-section-height-default elementor-section-height-default\" data-id=\"639de6c5\" data-element_type=\"section\" data-e-type=\"section\" data-settings=\"{&quot;background_background&quot;:&quot;gradient&quot;}\">\n\t\t\t\t\t\t<div class=\"elementor-container elementor-column-gap-no\">\n\t\t\t\t\t<div class=\"elementor-column elementor-col-100 elementor-inner-column elementor-element elementor-element-6f4aea3f\" data-id=\"6f4aea3f\" data-element_type=\"column\" data-e-type=\"column\" data-settings=\"{&quot;background_background&quot;:&quot;classic&quot;}\">\n\t\t\t<div class=\"elementor-widget-wrap elementor-element-populated\">\n\t\t\t\t\t\t<div class=\"elementor-element elementor-element-410587f8 elementor-widget elementor-widget-icon-box\" data-id=\"410587f8\" data-element_type=\"widget\" data-e-type=\"widget\" data-widget_type=\"icon-box.default\">\n\t\t\t\t<div class=\"elementor-widget-container\">\n\t\t\t\t\t\t\t<div class=\"elementor-icon-box-wrapper\">\n\n\t\t\t\n\t\t\t\t\t\t<div class=\"elementor-icon-box-content\">\n\n\t\t\t\t\t\t\t\t\t<h4 class=\"elementor-icon-box-title\">\n\t\t\t\t\t\t<span  >\n\t\t\t\t\t\t\tHotelkosmetik\t\t\t\t\t\t<\/span>\n\t\t\t\t\t<\/h4>\n\t\t\t\t\n\t\t\t\t\t\t\t\t\t<p class=\"elementor-icon-box-description\">\n\t\t\t\t\t\tOb Sie nach Shampoos, Duschgels oder anderen Toilettenartikeln suchen, wir helfen Ihnen gerne weiter. Es liegt an Ihnen, uns Ihre Idee vorzustellen, und wir werden unser Bestes tun, um daraus Ihr erkennbares Produkt zu machen.\t\t\t\t\t<\/p>\n\t\t\t\t\n\t\t\t<\/div>\n\t\t\t\n\t\t<\/div>\n\t\t\t\t\t\t<\/div>\n\t\t\t\t<\/div>\n\t\t\t\t<div class=\"elementor-element elementor-element-efc1a2f elementor-align-left elementor-widget elementor-widget-button\" data-id=\"efc1a2f\" data-element_type=\"widget\" data-e-type=\"widget\" data-widget_type=\"button.default\">\n\t\t\t\t<div class=\"elementor-widget-container\">\n\t\t\t\t\t\t\t\t\t<div class=\"elementor-button-wrapper\">\n\t\t\t\t\t<a class=\"elementor-button elementor-button-link elementor-size-lg\" href=\"https:\/\/vivic-cosmetics.com\/de\/kontakt\/\">\n\t\t\t\t\t\t<span class=\"elementor-button-content-wrapper\">\n\t\t\t\t\t\t<span class=\"elementor-button-icon\">\n\t\t\t\t<i aria-hidden=\"true\" class=\" dt-icon-the7-arrow-35-2\"><\/i>\t\t\t<\/span>\n\t\t\t\t\t\t\t\t\t<span class=\"elementor-button-text\">BITTE UM EIN ANGEBOT<\/span>\n\t\t\t\t\t<\/span>\n\t\t\t\t\t<\/a>\n\t\t\t\t<\/div>\n\t\t\t\t\t\t\t\t<\/div>\n\t\t\t\t<\/div>\n\t\t\t\t\t<\/div>\n\t\t<\/div>\n\t\t\t\t\t<\/div>\n\t\t<\/section>\n\t\t\t\t\t<\/div>\n\t\t<\/div>\n\t\t\t\t\t<\/div>\n\t\t<\/section>\n\t\t\t\t<section class=\"elementor-section elementor-top-section elementor-element elementor-element-636392a9 elementor-section-full_width elementor-section-height-min-height elementor-reverse-mobile elementor-section-items-top elementor-section-height-default\" data-id=\"636392a9\" data-element_type=\"section\" data-e-type=\"section\" data-settings=\"{&quot;background_background&quot;:&quot;classic&quot;}\">\n\t\t\t\t\t\t<div class=\"elementor-container elementor-column-gap-no\">\n\t\t\t\t\t<div class=\"elementor-column elementor-col-50 elementor-top-column elementor-element elementor-element-61b645fa\" data-id=\"61b645fa\" data-element_type=\"column\" data-e-type=\"column\">\n\t\t\t<div class=\"elementor-widget-wrap elementor-element-populated\">\n\t\t\t\t\t\t<section class=\"elementor-section elementor-inner-section elementor-element elementor-element-5a32b791 elementor-section-boxed elementor-section-height-default elementor-section-height-default\" data-id=\"5a32b791\" data-element_type=\"section\" data-e-type=\"section\" data-settings=\"{&quot;background_background&quot;:&quot;classic&quot;}\">\n\t\t\t\t\t\t<div class=\"elementor-container elementor-column-gap-no\">\n\t\t\t\t\t<div class=\"elementor-column elementor-col-100 elementor-inner-column elementor-element elementor-element-40d63c89\" data-id=\"40d63c89\" data-element_type=\"column\" data-e-type=\"column\" data-settings=\"{&quot;background_background&quot;:&quot;classic&quot;}\">\n\t\t\t<div class=\"elementor-widget-wrap elementor-element-populated\">\n\t\t\t\t\t\t<div class=\"elementor-element elementor-element-348c09be elementor-widget elementor-widget-icon-box\" data-id=\"348c09be\" data-element_type=\"widget\" data-e-type=\"widget\" data-widget_type=\"icon-box.default\">\n\t\t\t\t<div class=\"elementor-widget-container\">\n\t\t\t\t\t\t\t<div class=\"elementor-icon-box-wrapper\">\n\n\t\t\t\n\t\t\t\t\t\t<div class=\"elementor-icon-box-content\">\n\n\t\t\t\t\t\t\t\t\t<h4 class=\"elementor-icon-box-title\">\n\t\t\t\t\t\t<span  >\n\t\t\t\t\t\t\tHausschuhe\t\t\t\t\t\t<\/span>\n\t\t\t\t\t<\/h4>\n\t\t\t\t\n\t\t\t\t\t\t\t\t\t<p class=\"elementor-icon-box-description\">\n\t\t\t\t\t\tM\u00f6chten Sie Ihre G\u00e4ste mit einzigartigen Hotelpantoffeln begr\u00fc\u00dfen, ohne viel Geld auszugeben? \nKontaktieren Sie uns mit Zuversicht und schlie\u00dfen Sie sich der Vielzahl ber\u00fchmter Hotels und Apartments an, die uns ihr Vertrauen geschenkt haben.\t\t\t\t\t<\/p>\n\t\t\t\t\n\t\t\t<\/div>\n\t\t\t\n\t\t<\/div>\n\t\t\t\t\t\t<\/div>\n\t\t\t\t<\/div>\n\t\t\t\t<div class=\"elementor-element elementor-element-c606db3 elementor-align-left elementor-widget elementor-widget-button\" data-id=\"c606db3\" data-element_type=\"widget\" data-e-type=\"widget\" data-widget_type=\"button.default\">\n\t\t\t\t<div class=\"elementor-widget-container\">\n\t\t\t\t\t\t\t\t\t<div class=\"elementor-button-wrapper\">\n\t\t\t\t\t<a class=\"elementor-button elementor-button-link elementor-size-lg\" href=\"https:\/\/vivic-cosmetics.com\/de\/kontakt\/\">\n\t\t\t\t\t\t<span class=\"elementor-button-content-wrapper\">\n\t\t\t\t\t\t<span class=\"elementor-button-icon\">\n\t\t\t\t<i aria-hidden=\"true\" class=\" dt-icon-the7-arrow-35-2\"><\/i>\t\t\t<\/span>\n\t\t\t\t\t\t\t\t\t<span class=\"elementor-button-text\">BITTE UM EIN ANGEBOT<\/span>\n\t\t\t\t\t<\/span>\n\t\t\t\t\t<\/a>\n\t\t\t\t<\/div>\n\t\t\t\t\t\t\t\t<\/div>\n\t\t\t\t<\/div>\n\t\t\t\t\t<\/div>\n\t\t<\/div>\n\t\t\t\t\t<\/div>\n\t\t<\/section>\n\t\t\t\t\t<\/div>\n\t\t<\/div>\n\t\t\t\t<div class=\"elementor-column elementor-col-50 elementor-top-column elementor-element elementor-element-53da2234\" data-id=\"53da2234\" data-element_type=\"column\" data-e-type=\"column\" data-settings=\"{&quot;background_background&quot;:&quot;classic&quot;}\">\n\t\t\t<div class=\"elementor-widget-wrap elementor-element-populated\">\n\t\t\t\t\t\t<div class=\"elementor-element elementor-element-2bbc76c4 elementor-widget elementor-widget-spacer\" data-id=\"2bbc76c4\" data-element_type=\"widget\" data-e-type=\"widget\" data-widget_type=\"spacer.default\">\n\t\t\t\t<div class=\"elementor-widget-container\">\n\t\t\t\t\t\t\t<div class=\"elementor-spacer\">\n\t\t\t<div class=\"elementor-spacer-inner\"><\/div>\n\t\t<\/div>\n\t\t\t\t\t\t<\/div>\n\t\t\t\t<\/div>\n\t\t\t\t\t<\/div>\n\t\t<\/div>\n\t\t\t\t\t<\/div>\n\t\t<\/section>\n\t\t\t\t<section class=\"elementor-section elementor-top-section elementor-element elementor-element-4c9321d0 elementor-section-content-middle elementor-section-boxed elementor-section-height-default elementor-section-height-default\" data-id=\"4c9321d0\" data-element_type=\"section\" data-e-type=\"section\">\n\t\t\t\t\t\t<div class=\"elementor-container elementor-column-gap-wider\">\n\t\t\t\t\t<div class=\"elementor-column elementor-col-100 elementor-top-column elementor-element elementor-element-77d6d2c1\" data-id=\"77d6d2c1\" data-element_type=\"column\" data-e-type=\"column\">\n\t\t\t<div class=\"elementor-widget-wrap elementor-element-populated\">\n\t\t\t\t\t\t<div class=\"elementor-element elementor-element-2c330af3 elementor-widget elementor-widget-heading\" data-id=\"2c330af3\" data-element_type=\"widget\" data-e-type=\"widget\" data-widget_type=\"heading.default\">\n\t\t\t\t<div class=\"elementor-widget-container\">\n\t\t\t\t\t<h3 class=\"elementor-heading-title elementor-size-default\">Lassen Sie uns wissen, wie wir Ihnen helfen k\u00f6nnen!<\/h3>\t\t\t\t<\/div>\n\t\t\t\t<\/div>\n\t\t\t\t<div class=\"elementor-element elementor-element-21e81d elementor-widget elementor-widget-text-editor\" data-id=\"21e81d\" data-element_type=\"widget\" data-e-type=\"widget\" data-widget_type=\"text-editor.default\">\n\t\t\t\t<div class=\"elementor-widget-container\">\n\t\t\t\t\t\t\t\t\t<p>Wenn Sie Fragen zur Herstellung Ihrer personalisierten Hotelkosmetik oder Hausschuhe haben oder ein unverbindliches Angebot ben\u00f6tigen, k\u00f6nnen Sie sich gerne an uns wenden. Gerne sprechen wir mit Ihnen \u00fcber Ihr Projekt.<\/p>\n\t\t\t\t\t\t\t\t<\/div>\n\t\t\t\t<\/div>\n\t\t\t\t<div class=\"elementor-element elementor-element-7c0dda4 elementor-align-left elementor-mobile-align-justify elementor-widget elementor-widget-button\" data-id=\"7c0dda4\" data-element_type=\"widget\" data-e-type=\"widget\" data-widget_type=\"button.default\">\n\t\t\t\t<div class=\"elementor-widget-container\">\n\t\t\t\t\t\t\t\t\t<div class=\"elementor-button-wrapper\">\n\t\t\t\t\t<a class=\"elementor-button elementor-button-link elementor-size-lg\" href=\"https:\/\/vivic-cosmetics.com\/de\/kontakt\/\">\n\t\t\t\t\t\t<span class=\"elementor-button-content-wrapper\">\n\t\t\t\t\t\t<span class=\"elementor-button-icon\">\n\t\t\t\t<i aria-hidden=\"true\" class=\" dt-icon-the7-arrow-35-2\"><\/i>\t\t\t<\/span>\n\t\t\t\t\t\t\t\t\t<span class=\"elementor-button-text\">KONTAKTIERE UNS<\/span>\n\t\t\t\t\t<\/span>\n\t\t\t\t\t<\/a>\n\t\t\t\t<\/div>\n\t\t\t\t\t\t\t\t<\/div>\n\t\t\t\t<\/div>\n\t\t\t\t\t<\/div>\n\t\t<\/div>\n\t\t\t\t\t<\/div>\n\t\t<\/section>\n\t\t\t\t<\/div>\n\t\t","protected":false},"excerpt":{"rendered":"<p>Produktpersonalisierung Wir k\u00f6nnen alle unsere Produkte an Ihr Design und Ihre Ideen anpassen. Wenn Sie eine exklusive Linie von Hotelkosmetik und -ausr\u00fcstung w\u00fcnschen, die speziell f\u00fcr Ihr Hotel oder Apartment entwickelt wurde, sind Sie hier genau richtig. Was auch immer Sie sich entscheiden, vom Drucken Ihres Logos auf unsere vorhandene Verpackung bis zur Entwicklung des&hellip;<\/p>\n","protected":false},"author":1,"featured_media":0,"parent":0,"menu_order":30,"comment_status":"closed","ping_status":"closed","template":"elementor_header_footer","meta":{"footnotes":""},"class_list":["post-4726","page","type-page","status-publish","hentry"],"yoast_head":"<!-- This site is optimized with the Yoast SEO plugin v26.9 - https:\/\/yoast.com\/product\/yoast-seo-wordpress\/ -->\n<title>Personalisierung - VivicCosmetics<\/title>\n<meta name=\"description\" content=\"Ob Sie nach Shampoos, Duschgels oder anderen Hotelkosmetika suchen, wir helfen Ihnen gerne weiter.\" \/>\n<meta name=\"robots\" content=\"index, follow, max-snippet:-1, max-image-preview:large, max-video-preview:-1\" \/>\n<link rel=\"canonical\" href=\"https:\/\/vivic-cosmetics.com\/de\/personalisierung\/\" \/>\n<meta property=\"og:locale\" content=\"de_DE\" \/>\n<meta property=\"og:type\" content=\"article\" \/>\n<meta property=\"og:title\" content=\"Personalisierung - VivicCosmetics\" \/>\n<meta property=\"og:description\" content=\"Ob Sie nach Shampoos, Duschgels oder anderen Hotelkosmetika suchen, wir helfen Ihnen gerne weiter.\" \/>\n<meta property=\"og:url\" content=\"https:\/\/vivic-cosmetics.com\/de\/personalisierung\/\" \/>\n<meta property=\"og:site_name\" content=\"VivicCosmetics\" \/>\n<meta property=\"article:publisher\" content=\"https:\/\/www.facebook.com\/VivicCosmetics-100413038648651\" \/>\n<meta property=\"article:modified_time\" content=\"2021-11-24T20:52:26+00:00\" \/>\n<meta name=\"twitter:card\" content=\"summary_large_image\" \/>\n<meta name=\"twitter:label1\" content=\"Gesch\u00e4tzte Lesezeit\" \/>\n\t<meta name=\"twitter:data1\" content=\"1\u00a0Minute\" \/>\n<script type=\"application\/ld+json\" class=\"yoast-schema-graph\">{\"@context\":\"https:\/\/schema.org\",\"@graph\":[{\"@type\":\"WebPage\",\"@id\":\"https:\/\/vivic-cosmetics.com\/de\/personalisierung\/\",\"url\":\"https:\/\/vivic-cosmetics.com\/de\/personalisierung\/\",\"name\":\"Personalisierung - VivicCosmetics\",\"isPartOf\":{\"@id\":\"https:\/\/vivic-cosmetics.com\/de\/#website\"},\"datePublished\":\"2020-12-26T23:40:52+00:00\",\"dateModified\":\"2021-11-24T20:52:26+00:00\",\"description\":\"Ob Sie nach Shampoos, Duschgels oder anderen Hotelkosmetika suchen, wir helfen Ihnen gerne weiter.\",\"breadcrumb\":{\"@id\":\"https:\/\/vivic-cosmetics.com\/de\/personalisierung\/#breadcrumb\"},\"inLanguage\":\"de\",\"potentialAction\":[{\"@type\":\"ReadAction\",\"target\":[\"https:\/\/vivic-cosmetics.com\/de\/personalisierung\/\"]}]},{\"@type\":\"BreadcrumbList\",\"@id\":\"https:\/\/vivic-cosmetics.com\/de\/personalisierung\/#breadcrumb\",\"itemListElement\":[{\"@type\":\"ListItem\",\"position\":1,\"name\":\"Po\u010detna stranica\",\"item\":\"https:\/\/vivic-cosmetics.com\/de\/startseite\/\"},{\"@type\":\"ListItem\",\"position\":2,\"name\":\"Personalisierung\"}]},{\"@type\":\"WebSite\",\"@id\":\"https:\/\/vivic-cosmetics.com\/de\/#website\",\"url\":\"https:\/\/vivic-cosmetics.com\/de\/\",\"name\":\"VivicCosmetics\",\"description\":\"VivicCosmetics Hotelska Kozmetika\",\"publisher\":{\"@id\":\"https:\/\/vivic-cosmetics.com\/de\/#organization\"},\"potentialAction\":[{\"@type\":\"SearchAction\",\"target\":{\"@type\":\"EntryPoint\",\"urlTemplate\":\"https:\/\/vivic-cosmetics.com\/de\/?s={search_term_string}\"},\"query-input\":{\"@type\":\"PropertyValueSpecification\",\"valueRequired\":true,\"valueName\":\"search_term_string\"}}],\"inLanguage\":\"de\"},{\"@type\":\"Organization\",\"@id\":\"https:\/\/vivic-cosmetics.com\/de\/#organization\",\"name\":\"VivicCosmetics\",\"url\":\"https:\/\/vivic-cosmetics.com\/de\/\",\"logo\":{\"@type\":\"ImageObject\",\"inLanguage\":\"de\",\"@id\":\"https:\/\/vivic-cosmetics.com\/de\/#\/schema\/logo\/image\/\",\"url\":\"https:\/\/vivic-cosmetics.com\/wp-content\/uploads\/2020\/10\/Vivic_light-background_rgb-01.jpg\",\"contentUrl\":\"https:\/\/vivic-cosmetics.com\/wp-content\/uploads\/2020\/10\/Vivic_light-background_rgb-01.jpg\",\"width\":2083,\"height\":1042,\"caption\":\"VivicCosmetics\"},\"image\":{\"@id\":\"https:\/\/vivic-cosmetics.com\/de\/#\/schema\/logo\/image\/\"},\"sameAs\":[\"https:\/\/www.facebook.com\/VivicCosmetics-100413038648651\",\"https:\/\/www.instagram.com\/viviccosmetics\/\"]}]}<\/script>\n<!-- \/ Yoast SEO plugin. -->","yoast_head_json":{"title":"Personalisierung - VivicCosmetics","description":"Ob Sie nach Shampoos, Duschgels oder anderen Hotelkosmetika suchen, wir helfen Ihnen gerne weiter.","robots":{"index":"index","follow":"follow","max-snippet":"max-snippet:-1","max-image-preview":"max-image-preview:large","max-video-preview":"max-video-preview:-1"},"canonical":"https:\/\/vivic-cosmetics.com\/de\/personalisierung\/","og_locale":"de_DE","og_type":"article","og_title":"Personalisierung - VivicCosmetics","og_description":"Ob Sie nach Shampoos, Duschgels oder anderen Hotelkosmetika suchen, wir helfen Ihnen gerne weiter.","og_url":"https:\/\/vivic-cosmetics.com\/de\/personalisierung\/","og_site_name":"VivicCosmetics","article_publisher":"https:\/\/www.facebook.com\/VivicCosmetics-100413038648651","article_modified_time":"2021-11-24T20:52:26+00:00","twitter_card":"summary_large_image","twitter_misc":{"Gesch\u00e4tzte Lesezeit":"1\u00a0Minute"},"schema":{"@context":"https:\/\/schema.org","@graph":[{"@type":"WebPage","@id":"https:\/\/vivic-cosmetics.com\/de\/personalisierung\/","url":"https:\/\/vivic-cosmetics.com\/de\/personalisierung\/","name":"Personalisierung - VivicCosmetics","isPartOf":{"@id":"https:\/\/vivic-cosmetics.com\/de\/#website"},"datePublished":"2020-12-26T23:40:52+00:00","dateModified":"2021-11-24T20:52:26+00:00","description":"Ob Sie nach Shampoos, Duschgels oder anderen Hotelkosmetika suchen, wir helfen Ihnen gerne weiter.","breadcrumb":{"@id":"https:\/\/vivic-cosmetics.com\/de\/personalisierung\/#breadcrumb"},"inLanguage":"de","potentialAction":[{"@type":"ReadAction","target":["https:\/\/vivic-cosmetics.com\/de\/personalisierung\/"]}]},{"@type":"BreadcrumbList","@id":"https:\/\/vivic-cosmetics.com\/de\/personalisierung\/#breadcrumb","itemListElement":[{"@type":"ListItem","position":1,"name":"Po\u010detna stranica","item":"https:\/\/vivic-cosmetics.com\/de\/startseite\/"},{"@type":"ListItem","position":2,"name":"Personalisierung"}]},{"@type":"WebSite","@id":"https:\/\/vivic-cosmetics.com\/de\/#website","url":"https:\/\/vivic-cosmetics.com\/de\/","name":"VivicCosmetics","description":"VivicCosmetics Hotelska Kozmetika","publisher":{"@id":"https:\/\/vivic-cosmetics.com\/de\/#organization"},"potentialAction":[{"@type":"SearchAction","target":{"@type":"EntryPoint","urlTemplate":"https:\/\/vivic-cosmetics.com\/de\/?s={search_term_string}"},"query-input":{"@type":"PropertyValueSpecification","valueRequired":true,"valueName":"search_term_string"}}],"inLanguage":"de"},{"@type":"Organization","@id":"https:\/\/vivic-cosmetics.com\/de\/#organization","name":"VivicCosmetics","url":"https:\/\/vivic-cosmetics.com\/de\/","logo":{"@type":"ImageObject","inLanguage":"de","@id":"https:\/\/vivic-cosmetics.com\/de\/#\/schema\/logo\/image\/","url":"https:\/\/vivic-cosmetics.com\/wp-content\/uploads\/2020\/10\/Vivic_light-background_rgb-01.jpg","contentUrl":"https:\/\/vivic-cosmetics.com\/wp-content\/uploads\/2020\/10\/Vivic_light-background_rgb-01.jpg","width":2083,"height":1042,"caption":"VivicCosmetics"},"image":{"@id":"https:\/\/vivic-cosmetics.com\/de\/#\/schema\/logo\/image\/"},"sameAs":["https:\/\/www.facebook.com\/VivicCosmetics-100413038648651","https:\/\/www.instagram.com\/viviccosmetics\/"]}]}},"_links":{"self":[{"href":"https:\/\/vivic-cosmetics.com\/de\/wp-json\/wp\/v2\/pages\/4726","targetHints":{"allow":["GET"]}}],"collection":[{"href":"https:\/\/vivic-cosmetics.com\/de\/wp-json\/wp\/v2\/pages"}],"about":[{"href":"https:\/\/vivic-cosmetics.com\/de\/wp-json\/wp\/v2\/types\/page"}],"author":[{"embeddable":true,"href":"https:\/\/vivic-cosmetics.com\/de\/wp-json\/wp\/v2\/users\/1"}],"replies":[{"embeddable":true,"href":"https:\/\/vivic-cosmetics.com\/de\/wp-json\/wp\/v2\/comments?post=4726"}],"version-history":[{"count":11,"href":"https:\/\/vivic-cosmetics.com\/de\/wp-json\/wp\/v2\/pages\/4726\/revisions"}],"predecessor-version":[{"id":4908,"href":"https:\/\/vivic-cosmetics.com\/de\/wp-json\/wp\/v2\/pages\/4726\/revisions\/4908"}],"wp:attachment":[{"href":"https:\/\/vivic-cosmetics.com\/de\/wp-json\/wp\/v2\/media?parent=4726"}],"curies":[{"name":"wp","href":"https:\/\/api.w.org\/{rel}","templated":true}]}}